{"id":1994,"date":"2022-09-08T21:39:33","date_gmt":"2022-09-08T21:39:33","guid":{"rendered":"http:\/\/flixel.ma\/?page_id=1994"},"modified":"2023-08-27T11:43:05","modified_gmt":"2023-08-27T11:43:05","slug":"studio-rental","status":"publish","type":"page","link":"https:\/\/flixel.ma\/fr\/studio-rental\/","title":{"rendered":"location de studio"},"content":{"rendered":"<div data-elementor-type=\"wp-page\" data-elementor-id=\"1994\" class=\"elementor elementor-1994\">\n\t\t\t\t\t\t<section class=\"elementor-section elementor-top-section elementor-element elementor-element-789f786 elementor-section-boxed elementor-section-height-default elementor-section-height-default\" data-id=\"789f786\" data-element_type=\"section\" data-e-type=\"section\">\n\t\t\t\t\t\t<div class=\"elementor-container elementor-column-gap-default\">\n\t\t\t\t\t<div class=\"elementor-column elementor-col-100 elementor-top-column elementor-element elementor-element-fc8155c\" data-id=\"fc8155c\" data-element_type=\"column\" data-e-type=\"column\">\n\t\t\t<div class=\"elementor-widget-wrap elementor-element-populated\">\n\t\t\t\t\t\t<div class=\"elementor-element elementor-element-9a9b46f elementor-hidden-desktop elementor-hidden-phone elementor-widget elementor-widget-spacer\" data-id=\"9a9b46f\" data-element_type=\"widget\" data-e-type=\"widget\" data-widget_type=\"spacer.default\">\n\t\t\t\t<div class=\"elementor-widget-container\">\n\t\t\t\t\t\t\t<div class=\"elementor-spacer\">\n\t\t\t<div class=\"elementor-spacer-inner\"><\/div>\n\t\t<\/div>\n\t\t\t\t\t\t<\/div>\n\t\t\t\t<\/div>\n\t\t\t\t<div class=\"elementor-element elementor-element-f1c43ad elementor-widget elementor-widget-heading\" data-id=\"f1c43ad\" data-element_type=\"widget\" data-e-type=\"widget\" data-widget_type=\"heading.default\">\n\t\t\t\t<div class=\"elementor-widget-container\">\n\t\t\t\t\t<h2 class=\"elementor-heading-title elementor-size-default\"><span>Louer un studio \u00e0 Marrakech pour votre prochain projet<\/span>\nLe meilleur espace de tournage pour votre projet<\/h2>\t\t\t\t<\/div>\n\t\t\t\t<\/div>\n\t\t\t\t<div class=\"elementor-element elementor-element-914249f elementor-widget elementor-widget-text-editor\" data-id=\"914249f\" data-element_type=\"widget\" data-e-type=\"widget\" data-widget_type=\"text-editor.default\">\n\t\t\t\t<div class=\"elementor-widget-container\">\n\t\t\t\t\t\t\t\t\t<p>Si vous \u00eates \u00e0 la recherche d'un espace de tournage ou d'un lieu pour tourner une publicit\u00e9, les espaces de tournage sur TechNprod sont une option parfaite. Nous vous offrons une opportunit\u00e9 commerciale pr\u00e9cieuse pour accueillir diff\u00e9rents types d'\u00e9v\u00e9nements. Sans avoir \u00e0 vous engager dans un bail commercial \u00e0 long terme, TechNprod vous aide \u00e0 organiser des s\u00e9ances de photos professionnelles, \u00e0 tourner une publicit\u00e9 ou m\u00eame \u00e0 filmer une sc\u00e8ne pour une production vid\u00e9o.<\/p><p><img fetchpriority=\"high\" decoding=\"async\" class=\"alignnone wp-image-1275 size-large\" src=\"http:\/\/flixel.ma\/wp-content\/uploads\/2022\/01\/pexels-alexander-dummer-134469-1024x576.jpg\" alt=\"\" width=\"1024\" height=\"576\" srcset=\"https:\/\/flixel.ma\/wp-content\/uploads\/2022\/01\/pexels-alexander-dummer-134469-1024x576.jpg 1024w, https:\/\/flixel.ma\/wp-content\/uploads\/2022\/01\/pexels-alexander-dummer-134469-300x169.jpg 300w, https:\/\/flixel.ma\/wp-content\/uploads\/2022\/01\/pexels-alexander-dummer-134469-768x432.jpg 768w, https:\/\/flixel.ma\/wp-content\/uploads\/2022\/01\/pexels-alexander-dummer-134469-1536x864.jpg 1536w, https:\/\/flixel.ma\/wp-content\/uploads\/2022\/01\/pexels-alexander-dummer-134469-2048x1152.jpg 2048w, https:\/\/flixel.ma\/wp-content\/uploads\/2022\/01\/pexels-alexander-dummer-134469-18x10.jpg 18w, https:\/\/flixel.ma\/wp-content\/uploads\/2022\/01\/pexels-alexander-dummer-134469-960x540.jpg 960w\" sizes=\"(max-width: 1024px) 100vw, 1024px\" \/><\/p><p>Vous avez besoin d'un espace pour un jour, une semaine, un mois ou une ann\u00e9e compl\u00e8te ? <br \/>Nous vous offrons une flexibilit\u00e9 pour la dur\u00e9e dont vous avez besoin - c'est vous qui d\u00e9cidez. Choisissez le jour qui vous semble le mieux adapt\u00e9 \u00e0 votre projet d'entreprise. Il n'y a pas de crit\u00e8res que notre espace de tournage ne puisse satisfaire quand il s'agit de vos besoins - depuis les diff\u00e9rentes couleurs et toiles de fond en papier, l'installation du son et de la vid\u00e9o, l'\u00e9quipement d'\u00e9clairage tel que les modificateurs de lumi\u00e8re, les pinces \u00e0 mat\u00e9riel, l'\u00e9cran vert, la synchronisation sans fil, l'internet haut d\u00e9bit \u00e0 fibre optique, la loge, les porte-v\u00eatements, la station de maquillage..., vous pouvez \u00e9galement demander les services de nos photographes et vid\u00e9ographes professionnels en option suppl\u00e9mentaire.<\/p><p>Et si quelqu'un vous disait que la s\u00e9ance photo \u00e0 laquelle vous pensez en ce moment pourrait devenir une r\u00e9alit\u00e9 en moins d'une journ\u00e9e ? Si vous avez du mal \u00e0 le croire, c'est le temps moyen que TechNprod prend pour tout organiser, de la pr\u00e9-pr\u00e9paration \u00e0 la post-production. La cr\u00e9ativit\u00e9 de votre espace de tournage est sans limite et d\u00e9pend de vous ! En plus de repr\u00e9senter un ph\u00e9nom\u00e8ne r\u00e9el, une exp\u00e9rience unique, et de vous rapprocher de votre r\u00e9seau d'affaires, notre espace de tournage \u00e0 court terme est tr\u00e8s demand\u00e9. Bien que l'exp\u00e9rience soit \u00e9ph\u00e9m\u00e8re, les souvenirs sont durables. Contactez-nous d\u00e8s maintenant pour demander un devis gratuit et garantir une production significative et sans tracas.<\/p><p><img decoding=\"async\" class=\"alignnone wp-image-1236 size-large\" src=\"http:\/\/flixel.ma\/wp-content\/uploads\/2021\/12\/pexels-cottonbro-6883809-1024x683.jpg\" alt=\"\" width=\"1024\" height=\"683\" srcset=\"https:\/\/flixel.ma\/wp-content\/uploads\/2021\/12\/pexels-cottonbro-6883809-1024x683.jpg 1024w, https:\/\/flixel.ma\/wp-content\/uploads\/2021\/12\/pexels-cottonbro-6883809-300x200.jpg 300w, https:\/\/flixel.ma\/wp-content\/uploads\/2021\/12\/pexels-cottonbro-6883809-768x512.jpg 768w, https:\/\/flixel.ma\/wp-content\/uploads\/2021\/12\/pexels-cottonbro-6883809-1536x1024.jpg 1536w, https:\/\/flixel.ma\/wp-content\/uploads\/2021\/12\/pexels-cottonbro-6883809-2048x1365.jpg 2048w, https:\/\/flixel.ma\/wp-content\/uploads\/2021\/12\/pexels-cottonbro-6883809-18x12.jpg 18w, https:\/\/flixel.ma\/wp-content\/uploads\/2021\/12\/pexels-cottonbro-6883809-960x640.jpg 960w\" sizes=\"(max-width: 1024px) 100vw, 1024px\" \/><\/p><h3>4 RAISONS DE R\u00c9SERVER AVEC NOUS<\/h3><h4>1. VOUS POUVEZ R\u00c9SERVER EN MOINS D'UN JOUR<\/h4><p>Nous garantissons une r\u00e9ponse dans les 24 heures suivant la soumission de votre demande d'espace.<\/p><p>Nous sommes l\u00e0 pour r\u00e9pondre \u00e0 vos besoins de location \u00e0 court terme.<\/p><h4>2. C'EST FACILE<\/h4><p>Vous pouvez facilement r\u00e9server votre studio en trois clics :<\/p><p>Envoyez-nous une demande sans engagement de paiement.<br \/>Posez des questions et visitez l'espace.<\/p><h4>3. FAITES-NOUS CONFIANCE<\/h4><p>Il existe de nombreuses raisons de louer un studio TechNprod, par exemple pour filmer, photographier ou photographier des produits avec une technologie de pointe. La rentabilit\u00e9 n'est pas la seule mesure de votre succ\u00e8s \u00e0 long terme.<\/p><p>Des grandes entreprises aux petites start-ups, de nombreuses soci\u00e9t\u00e9s, agences et entreprises ont r\u00e9serv\u00e9 sur TechNprod. Nous ouvrons les portes \u00e0 toutes les id\u00e9es.<\/p><h4>4. UNE \u00c9QUIPE D\u00c9DI\u00c9E DE CONCIERGES<\/h4><p>Vous ne trouvez pas ce que vous cherchez ? Vous avez des exigences sp\u00e9cifiques pour votre session ?<\/p><p>Notre \u00e9quipe est l\u00e0 pour vous aider \u00e0 trouver la bonne exp\u00e9rience. Contactez-nous, et profitez de notre exp\u00e9rience professionnelle de location \u00e0 court ou long terme.<\/p>\t\t\t\t\t\t\t\t<\/div>\n\t\t\t\t<\/div>\n\t\t\t\t\t<\/div>\n\t\t<\/div>\n\t\t\t\t\t<\/div>\n\t\t<\/section>\n\t\t\t\t<section class=\"elementor-section elementor-top-section elementor-element elementor-element-c054860 elementor-section-boxed elementor-section-height-default elementor-section-height-default\" data-id=\"c054860\" data-element_type=\"section\" data-e-type=\"section\">\n\t\t\t\t\t\t<div class=\"elementor-container elementor-column-gap-default\">\n\t\t\t\t\t<div class=\"elementor-column elementor-col-100 elementor-top-column elementor-element elementor-element-d7682ca\" data-id=\"d7682ca\" data-element_type=\"column\" data-e-type=\"column\">\n\t\t\t<div class=\"elementor-widget-wrap elementor-element-populated\">\n\t\t\t\t\t\t<div class=\"elementor-element elementor-element-5988f80 elementor-widget elementor-widget-spacer\" data-id=\"5988f80\" data-element_type=\"widget\" data-e-type=\"widget\" data-widget_type=\"spacer.default\">\n\t\t\t\t<div class=\"elementor-widget-container\">\n\t\t\t\t\t\t\t<div class=\"elementor-spacer\">\n\t\t\t<div class=\"elementor-spacer-inner\"><\/div>\n\t\t<\/div>\n\t\t\t\t\t\t<\/div>\n\t\t\t\t<\/div>\n\t\t\t\t\t<\/div>\n\t\t<\/div>\n\t\t\t\t\t<\/div>\n\t\t<\/section>\n\t\t\t\t<section class=\"elementor-section elementor-top-section elementor-element elementor-element-f08363d elementor-section-boxed elementor-section-height-default elementor-section-height-default\" data-id=\"f08363d\" data-element_type=\"section\" data-e-type=\"section\">\n\t\t\t\t\t\t<div class=\"elementor-container elementor-column-gap-default\">\n\t\t\t\t\t<div class=\"elementor-column elementor-col-100 elementor-top-column elementor-element elementor-element-c28798c\" data-id=\"c28798c\" data-element_type=\"column\" data-e-type=\"column\">\n\t\t\t<div class=\"elementor-widget-wrap elementor-element-populated\">\n\t\t\t\t\t\t<div class=\"elementor-element elementor-element-66b0d2a elementor-widget elementor-widget-heading\" data-id=\"66b0d2a\" data-element_type=\"widget\" data-e-type=\"widget\" data-widget_type=\"heading.default\">\n\t\t\t\t<div class=\"elementor-widget-container\">\n\t\t\t\t\t<h4 class=\"elementor-heading-title elementor-size-default\"><span>Nos contacts et r\u00e9seaux sociaux<\/span>Comment nous contacter<\/h4>\t\t\t\t<\/div>\n\t\t\t\t<\/div>\n\t\t\t\t\t<\/div>\n\t\t<\/div>\n\t\t\t\t\t<\/div>\n\t\t<\/section>\n\t\t\t\t<section class=\"elementor-section elementor-top-section elementor-element elementor-element-41557d7 elementor-section-boxed elementor-section-height-default elementor-section-height-default\" data-id=\"41557d7\" data-element_type=\"section\" data-e-type=\"section\">\n\t\t\t\t\t\t<div class=\"elementor-container elementor-column-gap-default\">\n\t\t\t\t\t<div class=\"elementor-column elementor-col-33 elementor-top-column elementor-element elementor-element-dad1e1a\" data-id=\"dad1e1a\" data-element_type=\"column\" data-e-type=\"column\">\n\t\t\t<div class=\"elementor-widget-wrap elementor-element-populated\">\n\t\t\t\t\t\t<div class=\"elementor-element elementor-element-b070838 elementor-widget elementor-widget-wp-widget-shadow_contacts_widget\" data-id=\"b070838\" data-element_type=\"widget\" data-e-type=\"widget\" data-widget_type=\"wp-widget-shadow_contacts_widget.default\">\n\t\t\t\t<div class=\"elementor-widget-container\">\n\t\t\t\t\t<div class=\"ashade-widget--contacts\">\n\t\t<ul class=\"ashade-contact-details__list has-labels\">\n\t<li>\n\t\t\t<i class=\"ashade-contact-icon asiade-icon--location\"><\/i>\n\t\t\tHay Al Massar N 477, 40100 Marrakech\n\t\t<\/li><li>\n\t\t\t\t<i class=\"ashade-contact-icon asiade-icon--email\"><\/i>\n\t\t\t\t<a href=\"mailto:Contact@flixel.ma\">Contact@flixel.ma<\/a>\n\t\t\t<\/li><li>\n\t\t\t\t<i class=\"ashade-contact-icon asiade-icon--phone\"><\/i>\n\t\t\t\t<a href=\"tel:+212662091032\">+212 662-091-032<\/a>\n\t\t\t<\/li><li class=\"ashade-contact-socials\">\n\t\t\t\t<i class=\"ashade-contact-icon asiade-icon--socials\"><\/i>\n\t\t\t\t\t<a class=\"ashade-social--linkedin is-icon\" href=\"https:\/\/www.linkedin.com\/company\/100650550\/admin\/feed\/posts\/\" target=\"_blank\"><svg xmlns=\"http:\/\/www.w3.org\/2000\/svg\" width=\"100\" height=\"100\" viewbox=\"0 0 100 100\">\n\t\t\t\t\t\t\t<path id=\"linkedin-square\" d=\"M92.857,32H7.121A7.174,7.174,0,0,0,0,39.21v85.58A7.174,7.174,0,0,0,7.121,132H92.857A7.193,7.193,0,0,0,100,124.79V39.21A7.193,7.193,0,0,0,92.857,32ZM30.223,117.714H15.4V69.991H30.246v47.723ZM22.813,63.473a8.594,8.594,0,1,1,8.594-8.594A8.6,8.6,0,0,1,22.813,63.473Zm62.969,54.241H70.96V94.5c0-5.536-.112-12.656-7.7-12.656-7.723,0-8.906,6.027-8.906,12.254v23.616H39.531V69.991H53.75v6.518h.2c1.987-3.75,6.83-7.7,14.04-7.7,15,0,17.79,9.888,17.79,22.746Z\" transform=\"translate(0 -32)\" fill=\"#fff\"\/>\n\t\t\t\t\t\t  <\/svg><\/a>\n\t\t\t\t\t<a class=\"ashade-social--instagram is-icon\" href=\"https:\/\/www.instagram.com\/flixel.ma\/\" target=\"_blank\"><svg xmlns=\"http:\/\/www.w3.org\/2000\/svg\" width=\"100\" height=\"100\" viewbox=\"0 0 100 100\">\n\t\t\t\t\t\t\t<path id=\"instagram-square\" d=\"M90-1080H10a10.011,10.011,0,0,1-10-10v-80a10.011,10.011,0,0,1,10-10H90a10.011,10.011,0,0,1,10,10v80A10.011,10.011,0,0,1,90-1080Zm-39.5-87c-6.679,0-12.606.1-15.469.263-7.005.333-11.851,2.2-15.711,6.04-3.835,3.821-5.7,8.667-6.057,15.711-.352,6.216-.352,24.721,0,30.938.333,7.024,2.2,11.869,6.057,15.71s8.7,5.706,15.711,6.057c2.867.163,8.794.264,15.468.264s12.6-.1,15.468-.264c7.024-.333,11.87-2.2,15.711-6.057,3.836-3.835,5.7-8.681,6.057-15.71.352-6.213.352-24.708,0-30.92-.333-7.024-2.2-11.87-6.057-15.711-3.836-3.836-8.682-5.7-15.711-6.057C63.106-1166.9,57.179-1167,50.5-1167Zm6.638,68.273c-1.4,0-2.747-.014-3.937-.026H53.18c-.971-.01-1.889-.019-2.672-.019s-1.709.009-2.614.018c-1.166.011-2.487.024-3.863.024-5.024,0-12.109-.16-15.625-1.547a12.666,12.666,0,0,1-7.128-7.128c-1.679-4.233-1.586-13.379-1.525-19.431.01-.974.019-1.895.019-2.671s-.009-1.662-.018-2.614c-.058-6.075-.146-15.256,1.523-19.489a12.663,12.663,0,0,1,7.128-7.127c3.505-1.391,10.51-1.552,15.474-1.552,1.4,0,2.746.014,3.936.026h.022c.971.01,1.888.019,2.671.019s1.709-.009,2.614-.018c1.166-.011,2.487-.024,3.863-.024,5.024,0,12.11.161,15.627,1.548a12.666,12.666,0,0,1,7.128,7.127c1.679,4.234,1.586,13.38,1.525,19.431-.01.975-.019,1.9-.019,2.672s.009,1.7.019,2.672c.061,6.058.154,15.212-1.525,19.431a12.671,12.671,0,0,1-7.128,7.128C69.106-1098.888,62.1-1098.727,57.138-1098.727Zm-6.63-50.006a19.246,19.246,0,0,0-19.224,19.225,19.246,19.246,0,0,0,19.224,19.225,19.247,19.247,0,0,0,19.225-19.225A19.247,19.247,0,0,0,50.508-1148.733ZM70.52-1154a4.489,4.489,0,0,0-4.484,4.484,4.489,4.489,0,0,0,4.484,4.484A4.489,4.489,0,0,0,75-1149.52,4.489,4.489,0,0,0,70.52-1154ZM50.508-1117.01a12.512,12.512,0,0,1-12.5-12.5,12.513,12.513,0,0,1,12.5-12.5,12.513,12.513,0,0,1,12.5,12.5A12.513,12.513,0,0,1,50.508-1117.01Z\" transform=\"translate(0 1180)\" fill=\"#fff\"\/>\n\t\t\t\t\t\t  <\/svg><\/a><\/li>\t<\/ul>\n<\/div>\t\t\t\t<\/div>\n\t\t\t\t<\/div>\n\t\t\t\t\t<\/div>\n\t\t<\/div>\n\t\t\t\t<div class=\"elementor-column elementor-col-66 elementor-top-column elementor-element elementor-element-f1b9e8d\" data-id=\"f1b9e8d\" data-element_type=\"column\" data-e-type=\"column\">\n\t\t\t<div class=\"elementor-widget-wrap elementor-element-populated\">\n\t\t\t\t\t\t<div class=\"elementor-element elementor-element-4c224ec elementor-widget elementor-widget-shortcode\" data-id=\"4c224ec\" data-element_type=\"widget\" data-e-type=\"widget\" data-widget_type=\"shortcode.default\">\n\t\t\t\t<div class=\"elementor-widget-container\">\n\t\t\t\t\t\t\t<div class=\"elementor-shortcode\">\n<div class=\"wpcf7 no-js\" id=\"wpcf7-f30-o1\" lang=\"en-US\" dir=\"ltr\" data-wpcf7-id=\"30\">\n<div class=\"screen-reader-response\"><p role=\"status\" aria-live=\"polite\" aria-atomic=\"true\"><\/p> <ul><\/ul><\/div>\n<form action=\"\/fr\/wp-json\/wp\/v2\/pages\/1994#wpcf7-f30-o1\" method=\"post\" class=\"wpcf7-form init\" aria-label=\"Contact form\" novalidate=\"novalidate\" data-status=\"init\" data-trp-original-action=\"\/fr\/wp-json\/wp\/v2\/pages\/1994#wpcf7-f30-o1\">\n<fieldset class=\"hidden-fields-container\"><input type=\"hidden\" name=\"_wpcf7\" value=\"30\" \/><input type=\"hidden\" name=\"_wpcf7_version\" value=\"6.1.5\" \/><input type=\"hidden\" name=\"_wpcf7_locale\" value=\"en_US\" \/><input type=\"hidden\" name=\"_wpcf7_unit_tag\" value=\"wpcf7-f30-o1\" \/><input type=\"hidden\" name=\"_wpcf7_container_post\" value=\"0\" \/><input type=\"hidden\" name=\"_wpcf7_posted_data_hash\" value=\"\" \/>\n<\/fieldset>\n<div class=\"ashade-row ashade-small-gap\">\n\t<div class=\"ashade-col col-4\">\n\t\t<p><span class=\"wpcf7-form-control-wrap\" data-name=\"your-name\"><input size=\"40\" maxlength=\"400\" class=\"wpcf7-form-control wpcf7-text wpcf7-validates-as-required\" aria-required=\"true\" aria-invalid=\"false\" placeholder=\"Votre nom\" value=\"\" type=\"text\" name=\"your-name\" \/><\/span>\n\t\t<\/p>\n\t<\/div>\n\t<div class=\"ashade-col col-4\">\n\t\t<p><span class=\"wpcf7-form-control-wrap\" data-name=\"your-email\"><input size=\"40\" maxlength=\"400\" class=\"wpcf7-form-control wpcf7-email wpcf7-validates-as-required wpcf7-text wpcf7-validates-as-email\" aria-required=\"true\" aria-invalid=\"false\" placeholder=\"Votre adresse de messagerie (obligatoire)\" value=\"\" type=\"email\" name=\"your-email\" \/><\/span>\n\t\t<\/p>\n\t<\/div>\n\t<div class=\"ashade-col col-4\">\n\t\t<p><span class=\"wpcf7-form-control-wrap\" data-name=\"your-tel\"><input size=\"40\" maxlength=\"400\" class=\"wpcf7-form-control wpcf7-tel wpcf7-validates-as-required wpcf7-text wpcf7-validates-as-tel\" aria-required=\"true\" aria-invalid=\"false\" placeholder=\"Votre Numero de Telephone\" value=\"\" type=\"tel\" name=\"your-tel\" \/><\/span>\n\t\t<\/p>\n\t<\/div>\n<\/div>\n<div class=\"ashade-form-textarea\">\n\t<p><span class=\"wpcf7-form-control-wrap\" data-name=\"your-message\"><textarea cols=\"40\" rows=\"10\" maxlength=\"2000\" class=\"wpcf7-form-control wpcf7-textarea\" aria-invalid=\"false\" placeholder=\"Votre message\" name=\"your-message\"><\/textarea><\/span>\n\t<\/p>\n<\/div>\n<div class=\"align-right\">\n\t<p><input class=\"wpcf7-form-control wpcf7-submit has-spinner\" type=\"submit\" value=\"Envoyer\" \/>\n\t<\/p>\n<\/div><div class=\"wpcf7-response-output\" aria-hidden=\"true\"><\/div>\n<input type=\"hidden\" name=\"trp-form-language\" value=\"fr\"\/><\/form>\n<\/div>\n<\/div>\n\t\t\t\t\t\t<\/div>\n\t\t\t\t<\/div>\n\t\t\t\t\t<\/div>\n\t\t<\/div>\n\t\t\t\t\t<\/div>\n\t\t<\/section>\n\t\t\t\t<\/div>","protected":false},"excerpt":{"rendered":"<p>Rent A studio in marrakesh For Your Next Project The best shooting space for your project If you&#8217;re looking for a great shooting space or a place to shoot a commercial, shooting spaces on TechNprod is a perfect option. We offer you a valuable business opportunity to host different types of events. Without having to&#8230;<\/p>","protected":false},"author":1,"featured_media":0,"parent":0,"menu_order":0,"comment_status":"closed","ping_status":"closed","template":"","meta":{"footnotes":""},"class_list":["post-1994","page","type-page","status-publish","hentry"],"_links":{"self":[{"href":"https:\/\/flixel.ma\/fr\/wp-json\/wp\/v2\/pages\/1994","targetHints":{"allow":["GET"]}}],"collection":[{"href":"https:\/\/flixel.ma\/fr\/wp-json\/wp\/v2\/pages"}],"about":[{"href":"https:\/\/flixel.ma\/fr\/wp-json\/wp\/v2\/types\/page"}],"author":[{"embeddable":true,"href":"https:\/\/flixel.ma\/fr\/wp-json\/wp\/v2\/users\/1"}],"replies":[{"embeddable":true,"href":"https:\/\/flixel.ma\/fr\/wp-json\/wp\/v2\/comments?post=1994"}],"version-history":[{"count":28,"href":"https:\/\/flixel.ma\/fr\/wp-json\/wp\/v2\/pages\/1994\/revisions"}],"predecessor-version":[{"id":3688,"href":"https:\/\/flixel.ma\/fr\/wp-json\/wp\/v2\/pages\/1994\/revisions\/3688"}],"wp:attachment":[{"href":"https:\/\/flixel.ma\/fr\/wp-json\/wp\/v2\/media?parent=1994"}],"curies":[{"name":"wp","href":"https:\/\/api.w.org\/{rel}","templated":true}]}}